{"id":1001,"date":"2019-01-11T12:27:57","date_gmt":"2019-01-11T12:27:57","guid":{"rendered":"https:\/\/ibrahimkaratas.com\/obezite\/"},"modified":"2021-10-12T11:28:11","modified_gmt":"2021-10-12T11:28:11","slug":"obesity","status":"publish","type":"page","link":"https:\/\/ibrahimkaratas.com\/en\/obesity\/","title":{"rendered":"Obesity"},"content":{"rendered":"<div class=\"wpb-content-wrapper\"><p>[vc_row css_animation=&#8221;&#8221; row_type=&#8221;row&#8221; use_row_as_full_screen_section=&#8221;no&#8221; type=&#8221;full_width&#8221; angled_section=&#8221;no&#8221; text_align=&#8221;left&#8221; background_image_as_pattern=&#8221;without_pattern&#8221;][vc_column][qode_elements_holder number_of_columns=&#8221;two_columns&#8221;][qode_elements_holder_item vertical_alignment=&#8221;middle&#8221; horizontal_alignment=&#8221;left&#8221; advanced_animations=&#8221;no&#8221; background_color=&#8221;#fcfbf7&#8243; item_padding=&#8221;10%&#8221;][vc_column_text]<\/p>\n<h2>Obezite Cerrahisi (\u015ei\u015fmanl\u0131k ameliyatlar\u0131)<\/h2>\n<p>[vc_separator type=&#8217;transparent&#8217; position=&#8217;center&#8217; color=&#8221; thickness=&#8221; up=&#8217;7&#8242; down=&#8217;7&#8242;]<\/p>\n<h4><span style=\"color: #1e73be;\"><strong>Fazla kilolar\u0131n\u0131zdan kurtulabilir yeni bir g\u00f6r\u00fcn\u00fcme kavu\u015fabilirsiniz.<\/strong><\/span><\/h4>\n<p>Op Dr \u0130brahim Karata\u015f 22 y\u0131ll\u0131k doktorluk tecr\u00fcbesi ile obezite cerrahisi konusunda hizmet vermektedir.[\/vc_column_text][\/qode_elements_holder_item][qode_elements_holder_item cover=&#8221;yes&#8221; advanced_animations=&#8221;no&#8221; background_image=&#8221;291&#8243; custom_class=&#8221;bptop&#8221;][vc_empty_space height=&#8221;300px&#8221;][\/qode_elements_holder_item][\/qode_elements_holder][\/vc_column][\/vc_row][vc_row css_animation=&#8221;&#8221; row_type=&#8221;row&#8221; use_row_as_full_screen_section=&#8221;no&#8221; type=&#8221;full_width&#8221; angled_section=&#8221;no&#8221; text_align=&#8221;center&#8221; background_image_as_pattern=&#8221;without_pattern&#8221; background_color=&#8221;#1e73be&#8221; padding_top=&#8221;25&#8243; padding_bottom=&#8221;30&#8243; z_index=&#8221;&#8221;][vc_column][vc_row_inner row_type=&#8221;row&#8221; type=&#8221;grid&#8221; text_align=&#8221;center&#8221; css_animation=&#8221;&#8221;][vc_column_inner][vc_column_text el_class=&#8221;textwhite&#8221;]<\/p>\n<h3 style=\"text-align: center;\"><strong>Obezite Cerrahisi \u0130\u00e7in Uygun musunuz?<\/strong><\/h3>\n<div>\n<p class=\"m_-7203026488267946939gmail-Body\" style=\"text-align: center;\">Boy ve kilonuzu girin. V\u00fccut kitle endeksinizi \u00f6\u011frenin. Dilerseniz \u00f6n g\u00f6r\u00fc\u015fme ya da muayene ile doktordan uzman g\u00f6r\u00fc\u015f\u00fc alabilir ve obezite cerrahisi i\u00e7in uygun bir aday m\u0131s\u0131n\u0131z? \u00f6\u011frenebilirsiniz.<\/p>\n<\/div>\n<p>[\/vc_column_text][\/vc_column_inner][\/vc_row_inner][\/vc_column][\/vc_row][vc_row css_animation=&#8221;&#8221; row_type=&#8221;row&#8221; use_row_as_full_screen_section=&#8221;no&#8221; type=&#8221;full_width&#8221; angled_section=&#8221;no&#8221; text_align=&#8221;left&#8221; background_image_as_pattern=&#8221;without_pattern&#8221; background_color=&#8221;#ffffff&#8221; padding_top=&#8221;40&#8243; padding_bottom=&#8221;40&#8243; z_index=&#8221;&#8221;][vc_column][vc_row_inner row_type=&#8221;row&#8221; type=&#8221;grid&#8221; text_align=&#8221;left&#8221; css_animation=&#8221;&#8221; padding_bottom=&#8221;35&#8243;][vc_column_inner][vc_column_text]<\/p>\n<h2 style=\"text-align: center;\"><strong>Obezite Ameliyatlar\u0131<\/strong><\/h2>\n<p>[\/vc_column_text][\/vc_column_inner][\/vc_row_inner][vc_row_inner row_type=&#8221;row&#8221; type=&#8221;grid&#8221; text_align=&#8221;left&#8221; css_animation=&#8221;&#8221;][vc_column_inner width=&#8221;1\/4&#8243;][vc_single_image image=&#8221;369&#8243; img_size=&#8221;full&#8221; alignment=&#8221;center&#8221; qode_css_animation=&#8221;&#8221; el_class=&#8221;parlama&#8221;][vc_empty_space height=&#8221;20px&#8221;][vc_column_text]<\/p>\n<h4 style=\"text-align: center;\">Laparoskopik ayarlanabilir mide band\u0131<\/h4>\n<p>[\/vc_column_text][vc_empty_space height=&#8221;20px&#8221;][\/vc_column_inner][vc_column_inner width=&#8221;1\/4&#8243;][vc_single_image image=&#8221;427&#8243; img_size=&#8221;full&#8221; alignment=&#8221;center&#8221; qode_css_animation=&#8221;&#8221; el_class=&#8221;parlama&#8221;][vc_empty_space height=&#8221;20px&#8221;][vc_column_text]<\/p>\n<h4 style=\"text-align: center;\">T\u00fcp mide ameliyat\u0131 (sleeve gastrektomi)<\/h4>\n<p>[\/vc_column_text][vc_empty_space height=&#8221;20px&#8221;][\/vc_column_inner][vc_column_inner width=&#8221;1\/4&#8243;][vc_single_image image=&#8221;373&#8243; img_size=&#8221;full&#8221; alignment=&#8221;center&#8221; qode_css_animation=&#8221;&#8221; el_class=&#8221;parlama&#8221;][vc_empty_space height=&#8221;20px&#8221;][vc_column_text]<\/p>\n<h4 style=\"text-align: center;\">Gastrik bypass, mini gastrik bypass<\/h4>\n<p>[\/vc_column_text][\/vc_column_inner][vc_column_inner width=&#8221;1\/4&#8243;][vc_single_image image=&#8221;429&#8243; img_size=&#8221;full&#8221; alignment=&#8221;center&#8221; qode_css_animation=&#8221;&#8221; el_class=&#8221;parlama&#8221;][vc_empty_space height=&#8221;20px&#8221;][vc_column_text]<\/p>\n<h4 style=\"text-align: center;\">Duodenal switch, SADI-S<\/h4>\n<p>[\/vc_column_text][\/vc_column_inner][\/vc_row_inner][\/vc_column][\/vc_row][vc_row css_animation=&#8221;&#8221; row_type=&#8221;row&#8221; use_row_as_full_screen_section=&#8221;no&#8221; type=&#8221;full_width&#8221; angled_section=&#8221;no&#8221; text_align=&#8221;left&#8221; background_image_as_pattern=&#8221;without_pattern&#8221; padding_top=&#8221;100&#8243; padding_bottom=&#8221;100&#8243; z_index=&#8221;&#8221; css=&#8221;.vc_custom_1547278080627{background-image: url(https:\/\/ibrahimkaratas.com\/wp-content\/uploads\/2019\/01\/obezite-3.jpg?id=335) !important;background-position: center !important;background-repeat: no-repeat !important;background-size: cover !important;}&#8221;][vc_column][vc_row_inner row_type=&#8221;row&#8221; type=&#8221;grid&#8221; text_align=&#8221;left&#8221; css_animation=&#8221;&#8221; padding_top=&#8221;50&#8243; padding_bottom=&#8221;50&#8243;][vc_column_inner width=&#8221;7\/12&#8243;][\/vc_column_inner][vc_column_inner el_class=&#8221;bshadow&#8221; width=&#8221;5\/12&#8243; css=&#8221;.vc_custom_1546960687145{padding-right: 10% !important;padding-left: 10% !important;background-color: #ffffff !important;}&#8221;][vc_empty_space height=&#8221;30px&#8221;][vc_column_text]<\/p>\n<h4><strong>Obezite Nedir?<\/strong><\/h4>\n<p>[vc_separator type=&#8217;transparent&#8217; position=&#8217;center&#8217; color=&#8221; thickness=&#8221; up=&#8217;5&#8242; down=&#8217;5&#8242;]<\/p>\n<p class=\"m_-7203026488267946939gmail-Body\">Obezite v\u00fccutta bulunan ya\u011f miktar\u0131n\u0131n a\u015f\u0131r\u0131 derecede artmas\u0131yla birlikte meydana gelen bir sa\u011fl\u0131k sorunudur. Yeti\u015fkin bir erkek bireyin v\u00fccut a\u011f\u0131rl\u0131\u011f\u0131n\u0131n ortalama %15\u2019ini, yeti\u015fkin bir kad\u0131n bireyde ise v\u00fccut a\u011f\u0131rl\u0131\u011f\u0131n\u0131n ortalama %20 sini ya\u011f dokular\u0131 olu\u015fturmaktad\u0131r. V\u00fccutta bulunan bu ya\u011f oran\u0131n\u0131n %25 -%30\u2019un \u00fczerine \u00e7\u0131kmas\u0131 obezite belirtisidir.<\/p>\n<p>[\/vc_column_text][vc_empty_space height=&#8221;45px&#8221;][\/vc_column_inner][\/vc_row_inner][\/vc_column][\/vc_row][vc_row css_animation=&#8221;&#8221; row_type=&#8221;row&#8221; use_row_as_full_screen_section=&#8221;no&#8221; type=&#8221;full_width&#8221; angled_section=&#8221;no&#8221; text_align=&#8221;left&#8221; background_image_as_pattern=&#8221;without_pattern&#8221; padding_top=&#8221;100&#8243; padding_bottom=&#8221;100&#8243; z_index=&#8221;&#8221; css=&#8221;.vc_custom_1547278462600{background-image: url(https:\/\/ibrahimkaratas.com\/wp-content\/uploads\/2019\/01\/obezite2.jpg?id=293) !important;background-position: center !important;background-repeat: no-repeat !important;background-size: cover !important;}&#8221;][vc_column][vc_row_inner row_type=&#8221;row&#8221; type=&#8221;grid&#8221; text_align=&#8221;left&#8221; css_animation=&#8221;&#8221; padding_top=&#8221;50&#8243; padding_bottom=&#8221;50&#8243;][vc_column_inner el_class=&#8221;bshadow&#8221; width=&#8221;5\/12&#8243; css=&#8221;.vc_custom_1546960687145{padding-right: 10% !important;padding-left: 10% !important;background-color: #ffffff !important;}&#8221;][vc_empty_space height=&#8221;30px&#8221;][vc_column_text]<\/p>\n<h4><strong>Kimler i\u00e7in obezite cerrahisi \u00f6nerilir? <\/strong><\/h4>\n<p>[vc_separator type=&#8217;transparent&#8217; position=&#8217;center&#8217; color=&#8221; thickness=&#8221; up=&#8217;5&#8242; down=&#8217;5&#8242;]<\/p>\n<p class=\"m_-7203026488267946939gmail-Body\">En az \u00fc\u00e7 y\u0131ld\u0131r obez olan, diyet ve egzersiz giri\u015fimi olan,<br \/>\nV\u00fccut Kitle Endeksi De\u011feri 40 ve \u00fczeri olan ki\u015filer i\u00e7in obezite cerrahisinin gerekli oldu\u011fu savunulmaktad\u0131r. V\u00fccut kitle endeksi de\u011feri 40-30 aras\u0131ndaki hastalarda kiloya ya da ek hastal\u0131klara ba\u011fl\u0131 olarak karar verilmektedir.<\/p>\n<p>[\/vc_column_text][vc_empty_space height=&#8221;45px&#8221;][\/vc_column_inner][vc_column_inner width=&#8221;7\/12&#8243;][\/vc_column_inner][\/vc_row_inner][\/vc_column][\/vc_row][vc_row css_animation=&#8221;&#8221; row_type=&#8221;row&#8221; use_row_as_full_screen_section=&#8221;no&#8221; type=&#8221;full_width&#8221; angled_section=&#8221;no&#8221; text_align=&#8221;left&#8221; background_image_as_pattern=&#8221;without_pattern&#8221;][vc_column][vc_empty_space][vc_row_inner row_type=&#8221;row&#8221; type=&#8221;grid&#8221; text_align=&#8221;left&#8221; css_animation=&#8221;&#8221;][vc_column_inner width=&#8221;1\/4&#8243;][vc_single_image image=&#8221;375&#8243; img_size=&#8221;full&#8221; alignment=&#8221;center&#8221; qode_css_animation=&#8221;&#8221;][vc_separator type=&#8221;transparent&#8221;][vc_column_text]30 kg <a href=\"https:\/\/www.instagram.com\/explore\/tags\/midek%C3%BC%C3%A7%C3%BCltmeameliyat%C4%B1\/\" target=\"_blank\" rel=\"noopener noreferrer\">#midek\u00fc\u00e7\u00fcltmeameliyat\u0131<\/a>\u00a0sonras\u0131 . Ayn\u0131 ki\u015fi oldu\u011funuza inanmak zor ger\u00e7ekten. Tebrikler ![\/vc_column_text][\/vc_column_inner][vc_column_inner width=&#8221;1\/4&#8243;][vc_single_image image=&#8221;376&#8243; img_size=&#8221;full&#8221; alignment=&#8221;center&#8221; qode_css_animation=&#8221;&#8221;][vc_separator type=&#8221;transparent&#8221;][vc_column_text]<a href=\"https:\/\/www.instagram.com\/explore\/tags\/tip2diyabetcerrahisi\/\">#tip2diyabetcerrahisi<\/a> <a href=\"https:\/\/www.instagram.com\/explore\/tags\/midek%C3%BC%C3%A7%C3%BCltme\/\">#midek\u00fc\u00e7\u00fcltme<\/a>\u00a0<a href=\"https:\/\/www.instagram.com\/explore\/tags\/obezitecerrahisi\/\">#obezitecerrahisi<\/a> bilgilendirme toplant\u0131s\u0131 .[\/vc_column_text][\/vc_column_inner][vc_column_inner width=&#8221;1\/4&#8243;][vc_single_image image=&#8221;377&#8243; img_size=&#8221;full&#8221; alignment=&#8221;center&#8221; qode_css_animation=&#8221;&#8221;][vc_separator type=&#8221;transparent&#8221;][vc_column_text]<a href=\"https:\/\/www.instagram.com\/explore\/tags\/midek%C3%BC%C3%A7%C3%BCltmeameliyat%C4%B1\/\" target=\"\" rel=\"noopener noreferrer\"> #midek\u00fc\u00e7\u00fcltmeameliyat\u0131<\/a> sonras\u0131 4. Ay -37 kg .B\u00fcy\u00fck de\u011fi\u015fim ve fit bir vucut ! Tebrikler .[\/vc_column_text][\/vc_column_inner][vc_column_inner width=&#8221;1\/4&#8243;][vc_single_image image=&#8221;378&#8243; img_size=&#8221;full&#8221; alignment=&#8221;center&#8221; qode_css_animation=&#8221;&#8221;][vc_separator type=&#8221;transparent&#8221;][vc_column_text]Ameliyat\u0131m\u0131z sorunsuz tamamland\u0131.Hastam\u0131za ge\u00e7mi\u015f olsun.[\/vc_column_text][\/vc_column_inner][\/vc_row_inner][\/vc_column][\/vc_row][vc_row css_animation=&#8221;&#8221; row_type=&#8221;row&#8221; use_row_as_full_screen_section=&#8221;no&#8221; type=&#8221;full_width&#8221; angled_section=&#8221;no&#8221; text_align=&#8221;left&#8221; background_image_as_pattern=&#8221;without_pattern&#8221; background_color=&#8221;#1e73be&#8221; padding_top=&#8221;25&#8243; padding_bottom=&#8221;30&#8243; z_index=&#8221;&#8221; css=&#8221;.vc_custom_1616010547678{margin-top: 35px !important;}&#8221;][vc_column][vc_row_inner row_type=&#8221;row&#8221; type=&#8221;grid&#8221; text_align=&#8221;left&#8221; css_animation=&#8221;&#8221;][vc_column_inner][vc_column_text el_class=&#8221;textwhite&#8221;]<\/p>\n<h3 style=\"text-align: left; margin-bottom: 12px;\">METABOL\u0130K CERRAH\u0130 Y\u00d6NTEMLER\u0130<\/h3>\n<ul>\n<li>Vertical bant gastroplasti (VBG)<\/li>\n<li>Gastrik bant<\/li>\n<li>Silastik halkal\u0131 gastroplasti<\/li>\n<li>Laparoskopik ayarlanabilir mide band\u0131 (LAGB)<\/li>\n<li>Roux en \u2013 Y Gastrik Bypass (RYGB)<\/li>\n<li>Biliopankreatik diversiyon (BPD)<\/li>\n<li>Duedenal switch ille BPD (DBPD)<\/li>\n<li>Sleeve Gasretkromi (LSG)<\/li>\n<\/ul>\n<p>G\u00fcn\u00fcm\u00fczde yabanc\u0131 cisim gerektirmeden mide hacmini k\u00fc\u00e7\u00fcltmeyi sa\u011flayan sleeve gastrektomi (SG) kolay \u00f6\u011frenilmesi, kolay uygulanabilmesi ve daha d\u00fc\u015f\u00fck komplikasyon oranlar\u0131 nedeniyle morbid obezite tedavisinde en s\u0131k tercih edilen tedavi y\u00f6ntemi haline gelmi\u015ftir. G\u00fcn\u00fcm\u00fczde fazla kilolar\u0131n %50\u2019den fazlas\u0131n\u0131n kaybedilmesi cerrahi tedavinin ba\u015far\u0131s\u0131n\u0131 g\u00f6stermek a\u00e7\u0131s\u0131ndan en \u00e7ok kullan\u0131lan y\u00f6ntem olmu\u015ftur.[\/vc_column_text][\/vc_column_inner][\/vc_row_inner][\/vc_column][\/vc_row][vc_row css_animation=&#8221;&#8221; row_type=&#8221;row&#8221; use_row_as_full_screen_section=&#8221;no&#8221; type=&#8221;full_width&#8221; angled_section=&#8221;no&#8221; text_align=&#8221;left&#8221; background_image_as_pattern=&#8221;without_pattern&#8221;][vc_column][qode_elements_holder number_of_columns=&#8221;two_columns&#8221;][qode_elements_holder_item cover=&#8221;yes&#8221; advanced_animations=&#8221;no&#8221; background_image=&#8221;295&#8243;][vc_empty_space height=&#8221;350px&#8221;][\/qode_elements_holder_item][qode_elements_holder_item vertical_alignment=&#8221;middle&#8221; horizontal_alignment=&#8221;left&#8221; advanced_animations=&#8221;no&#8221; item_padding=&#8221;10% 7%&#8221;][vc_column_text]<\/p>\n<h4>Bize Ula\u015f\u0131n!<\/h4>\n<h2>Randevu Al\u0131n!<\/h2>\n<p>[vc_separator type=&#8217;transparent&#8217; position=&#8217;center&#8217; color=&#8221; thickness=&#8221; up=&#8217;7&#8242; down=&#8217;7&#8242;]<\/p>\n<p>Yeni hayat\u0131n\u0131za ilk ad\u0131m\u0131 at\u0131n, bug\u00fcn randevu al\u0131n![\/vc_column_text][vc_empty_space height=&#8221;25px&#8221;]<div role=\"form\" class=\"wpcf7\" id=\"wpcf7-f65-o1\" lang=\"en-US\" dir=\"ltr\">\n<div class=\"screen-reader-response\" role=\"alert\" aria-live=\"polite\"><\/div>\n<form action=\"\/en\/wp-json\/wp\/v2\/pages\/1001#wpcf7-f65-o1\" method=\"post\" class=\"wpcf7-form init cf7_custom_style_3\" novalidate=\"novalidate\">\n<div style=\"display: none;\">\n<input type=\"hidden\" name=\"_wpcf7\" value=\"65\" \/>\n<input type=\"hidden\" name=\"_wpcf7_version\" value=\"5.2.1\" \/>\n<input type=\"hidden\" name=\"_wpcf7_locale\" value=\"en_US\" \/>\n<input type=\"hidden\" name=\"_wpcf7_unit_tag\" value=\"wpcf7-f65-o1\" \/>\n<input type=\"hidden\" name=\"_wpcf7_container_post\" value=\"0\" \/>\n<input type=\"hidden\" name=\"_wpcf7_posted_data_hash\" value=\"\" \/>\n<\/div>\n<p><label>  <span class=\"wpcf7-form-control-wrap your-name\"><input type=\"text\" name=\"your-name\" value=\"\" size=\"40\" class=\"wpcf7-form-control wpcf7-text wpcf7-validates-as-required\" aria-required=\"true\" aria-invalid=\"false\" placeholder=\"Ad\u0131n\u0131z\" \/><\/span> <\/label><\/p>\n<p><label>  <span class=\"wpcf7-form-control-wrap your-email\"><input type=\"email\" name=\"your-email\" value=\"\" size=\"40\" class=\"wpcf7-form-control wpcf7-text wpcf7-email wpcf7-validates-as-required wpcf7-validates-as-email\" aria-required=\"true\" aria-invalid=\"false\" placeholder=\"E-Mail\" \/><\/span> <\/label><\/p>\n<p><label>  <span class=\"wpcf7-form-control-wrap your-phone\"><input type=\"text\" name=\"your-phone\" value=\"\" size=\"40\" class=\"wpcf7-form-control wpcf7-text\" aria-invalid=\"false\" placeholder=\"Telefon\" \/><\/span> <\/label><\/p>\n<p><label> <span class=\"wpcf7-form-control-wrap your-message\"><textarea name=\"your-message\" cols=\"40\" rows=\"5\" class=\"wpcf7-form-control wpcf7-textarea\" aria-invalid=\"false\" placeholder=\"Mesaj\u0131n\u0131z\"><\/textarea><\/span> <\/label><\/p>\n<p><input type=\"submit\" value=\"G\u00f6nder\" class=\"wpcf7-form-control wpcf7-submit\" \/><\/p>\n<div class=\"wpcf7-response-output\" role=\"alert\" aria-hidden=\"true\"><\/div><\/form><\/div>[\/qode_elements_holder_item][\/qode_elements_holder][\/vc_column][\/vc_row]<\/p>\n<\/div>","protected":false},"excerpt":{"rendered":"<p>[vc_row css_animation=&#8221;&#8221; row_type=&#8221;row&#8221; use_row_as_full_screen_section=&#8221;no&#8221; type=&#8221;full_width&#8221; angled_section=&#8221;no&#8221; text_align=&#8221;left&#8221; background_image_as_pattern=&#8221;without_pattern&#8221;][vc_column][qode_elements_holder number_of_columns=&#8221;two_columns&#8221;][qode_elements_holder_item vertical_alignment=&#8221;middle&#8221; horizontal_alignment=&#8221;left&#8221; advanced_animations=&#8221;no&#8221; background_color=&#8221;#fcfbf7&#8243; item_padding=&#8221;10%&#8221;][vc_column_text] Obezite Cerrahisi (\u015ei\u015fmanl\u0131k ameliyatlar\u0131) [vc_separator type=&#8217;transparent&#8217; position=&#8217;center&#8217; color=&#8221; thickness=&#8221; up=&#8217;7&#8242; down=&#8217;7&#8242;] Fazla kilolar\u0131n\u0131zdan kurtulabilir yeni bir g\u00f6r\u00fcn\u00fcme kavu\u015fabilirsiniz. Op Dr \u0130brahim Karata\u015f 22 y\u0131ll\u0131k doktorluk tecr\u00fcbesi ile obezite cerrahisi konusunda hizmet&#8230;<\/p>\n","protected":false},"author":1,"featured_media":0,"parent":0,"menu_order":0,"comment_status":"closed","ping_status":"closed","template":"full_width.php","meta":{"footnotes":""},"class_list":["post-1001","page","type-page","status-publish","hentry"],"_links":{"self":[{"href":"https:\/\/ibrahimkaratas.com\/en\/wp-json\/wp\/v2\/pages\/1001","targetHints":{"allow":["GET"]}}],"collection":[{"href":"https:\/\/ibrahimkaratas.com\/en\/wp-json\/wp\/v2\/pages"}],"about":[{"href":"https:\/\/ibrahimkaratas.com\/en\/wp-json\/wp\/v2\/types\/page"}],"author":[{"embeddable":true,"href":"https:\/\/ibrahimkaratas.com\/en\/wp-json\/wp\/v2\/users\/1"}],"replies":[{"embeddable":true,"href":"https:\/\/ibrahimkaratas.com\/en\/wp-json\/wp\/v2\/comments?post=1001"}],"version-history":[{"count":1,"href":"https:\/\/ibrahimkaratas.com\/en\/wp-json\/wp\/v2\/pages\/1001\/revisions"}],"predecessor-version":[{"id":1002,"href":"https:\/\/ibrahimkaratas.com\/en\/wp-json\/wp\/v2\/pages\/1001\/revisions\/1002"}],"wp:attachment":[{"href":"https:\/\/ibrahimkaratas.com\/en\/wp-json\/wp\/v2\/media?parent=1001"}],"curies":[{"name":"wp","href":"https:\/\/api.w.org\/{rel}","templated":true}]}}