{"id":998,"date":"2019-01-11T12:30:21","date_gmt":"2019-01-11T12:30:21","guid":{"rendered":"https:\/\/ibrahimkaratas.com\/op-dr-ibrahim-karatas\/"},"modified":"2021-10-13T13:32:52","modified_gmt":"2021-10-13T13:32:52","slug":"op-dr-ibrahim-karatas","status":"publish","type":"page","link":"https:\/\/ibrahimkaratas.com\/en\/op-dr-ibrahim-karatas\/","title":{"rendered":"Op. Dr. \u0130brahim Karata\u015f"},"content":{"rendered":"<div class=\"wpb-content-wrapper\"><p>[vc_row css_animation=&#8221;&#8221; row_type=&#8221;row&#8221; use_row_as_full_screen_section=&#8221;no&#8221; type=&#8221;full_width&#8221; angled_section=&#8221;no&#8221; text_align=&#8221;left&#8221; background_image_as_pattern=&#8221;without_pattern&#8221; css=&#8221;.vc_custom_1547534998287{background-color: #fbfaf6 !important;}&#8221; z_index=&#8221;&#8221;][vc_column][vc_row_inner row_type=&#8221;row&#8221; type=&#8221;grid&#8221; text_align=&#8221;left&#8221; css_animation=&#8221;&#8221;][vc_column_inner el_class=&#8221;sagda&#8221; width=&#8221;1\/2&#8243; css=&#8221;.vc_custom_1597427682209{background-image: url(http:\/\/lazerhemoroidizmir.com\/wp-content\/uploads\/2019\/01\/ibrahim-foto.png?id=295) !important;}&#8221;][vc_single_image image=&#8221;396&#8243; img_size=&#8221;full&#8221; qode_css_animation=&#8221;&#8221; el_class=&#8221;doktorphoto&#8221;][\/vc_column_inner][vc_column_inner width=&#8221;1\/2&#8243;][vc_empty_space][vc_column_text]<\/p>\n<h3>Op. Dr. \u0130brahim KARATA\u015e<\/h3>\n<p>[vc_separator type=&#8217;transparent&#8217; position=&#8217;center&#8217; color=&#8221; thickness=&#8221; up=&#8217;7&#8242; down=&#8217;7&#8242;]<\/p>\n<h4><span style=\"color: #1e73be;\"><strong>Speciality Area : General Surgery<\/strong><\/span><\/h4>\n<p>Surgeon \u0130brahim Karata\u015f graduated from \u00c7ukurova University Faculty of Medicine in 1994. During his medical education, he did an internship at the University of D\u00fcsseldorf Medical Faculty and had the opportunity to follow many international developments in the field of health. In 1995, he received his tourism doctor training.<\/p>\n<p>Between 1997-2001, he specialized in General Surgery (Advanced Laparoscopy) at SSK Ankara D\u0131\u015fkap\u0131 Teaching and Research Hospital. In 2001, he became a member of the Health Board of the Turkish Taekwondo Federation. He received training in infrared photocoagulation and sclerotherapy in the treatment of hemorrhoids and varicose veins in 2002 and has performed many procedures since then. He received training in the enteral parenteral nutrition unit at Ankara University Faculty of Medicine and SSK Ankara Teaching Hospital, and thus closely followed not only the surgical procedures but also the clinical nutrition of his patients.[\/vc_column_text][vc_empty_space][\/vc_column_inner][\/vc_row_inner][\/vc_column][\/vc_row][vc_row css_animation=&#8221;&#8221; row_type=&#8221;row&#8221; use_row_as_full_screen_section=&#8221;no&#8221; type=&#8221;full_width&#8221; angled_section=&#8221;no&#8221; text_align=&#8221;left&#8221; background_image_as_pattern=&#8221;without_pattern&#8221; z_index=&#8221;&#8221; background_color=&#8221;#ffffff&#8221; padding_top=&#8221;40&#8243; padding_bottom=&#8221;10&#8243;][vc_column][vc_row_inner row_type=&#8221;row&#8221; type=&#8221;grid&#8221; text_align=&#8221;left&#8221; css_animation=&#8221;&#8221;][vc_column_inner width=&#8221;1\/2&#8243;][vc_column_text]<span style=\"font-weight: 400;\">He is a member of organizations such as KEPAN (Clinical Enteral Parenteral Nutrition) and ESPEN (European Society for Clinical Nutrition and Metabolism). He is a founding member of Manisa Breast Surgery Association. In 2003, he attended the Ege University General Surgery Advanced Laparoscopy and Laparoscopic Nissen Funduplication training seminar. He also attended the Metabolic Surgery workshop training seminar held at Cerrahpa\u015fa University Faculty of Medicine.<\/span>[\/vc_column_text][vc_empty_space][\/vc_column_inner][vc_column_inner width=&#8221;1\/2&#8243;][vc_column_text]<span style=\"font-weight: 400;\">He is a member of Turkish Surgery Association. He attended the Metabolic Surgery workshop training seminar which was held held at Cerrahpa\u015fa University Faculty of Medicine with the participation of Doctor Philippe Topart from France. Today, with more than 25 years of experience, he hosts obesity and metabolic surgery patients in his office in \u015ei\u015fli, Istanbul, and carries out their procedures in contracted hospitals.<\/span>[\/vc_column_text][\/vc_column_inner][\/vc_row_inner][\/vc_column][\/vc_row][vc_row css_animation=&#8221;&#8221; row_type=&#8221;row&#8221; use_row_as_full_screen_section=&#8221;no&#8221; type=&#8221;full_width&#8221; angled_section=&#8221;no&#8221; text_align=&#8221;left&#8221; background_image_as_pattern=&#8221;without_pattern&#8221; z_index=&#8221;&#8221;][vc_column][vc_row_inner row_type=&#8221;row&#8221; type=&#8221;grid&#8221; text_align=&#8221;left&#8221; css_animation=&#8221;&#8221;][vc_column_inner][vc_empty_space][vc_column_text]<\/p>\n<h3 style=\"text-align: center;\">TRAININGS<\/h3>\n<p>[\/vc_column_text][vc_empty_space][vc_gallery type=&#8221;image_grid&#8221; images=&#8221;433,434,435,436,437,438,439,440,441,442&#8243; column_number=&#8221;5&#8243; grayscale=&#8221;no&#8221; images_space=&#8221;gallery_without_space&#8221;][\/vc_column_inner][\/vc_row_inner][vc_empty_space][\/vc_column][\/vc_row][vc_row css_animation=&#8221;&#8221; row_type=&#8221;row&#8221; use_row_as_full_screen_section=&#8221;no&#8221; type=&#8221;full_width&#8221; angled_section=&#8221;no&#8221; text_align=&#8221;left&#8221; background_image_as_pattern=&#8221;without_pattern&#8221; z_index=&#8221;&#8221;][vc_column][vc_row_inner row_type=&#8221;row&#8221; type=&#8221;grid&#8221; text_align=&#8221;left&#8221; css_animation=&#8221;&#8221;][vc_column_inner][vc_empty_space][vc_column_text]<\/p>\n<h3 style=\"text-align: center;\">Congress and Participation Certificates<\/h3>\n<p>[\/vc_column_text][vc_empty_space][vc_gallery type=&#8221;image_grid&#8221; images=&#8221;444,445,446,447,448,449,450,451,452,453,454,455,456,457,458&#8243; column_number=&#8221;5&#8243; grayscale=&#8221;no&#8221; images_space=&#8221;gallery_without_space&#8221;][\/vc_column_inner][\/vc_row_inner][vc_empty_space][\/vc_column][\/vc_row][vc_row css_animation=&#8221;&#8221; row_type=&#8221;row&#8221; use_row_as_full_screen_section=&#8221;no&#8221; type=&#8221;full_width&#8221; angled_section=&#8221;no&#8221; text_align=&#8221;left&#8221; background_image_as_pattern=&#8221;without_pattern&#8221;][vc_column][qode_elements_holder number_of_columns=&#8221;two_columns&#8221;][qode_elements_holder_item cover=&#8221;yes&#8221; advanced_animations=&#8221;no&#8221; background_image=&#8221;312&#8243;][vc_empty_space height=&#8221;350px&#8221;][\/qode_elements_holder_item][qode_elements_holder_item vertical_alignment=&#8221;middle&#8221; horizontal_alignment=&#8221;left&#8221; advanced_animations=&#8221;no&#8221; item_padding=&#8221;10% 7%&#8221;][vc_column_text]<\/p>\n<h4>Contact Us!<\/h4>\n<h2>Make an Appointment!<\/h2>\n<p>[vc_separator type=&#8217;transparent&#8217; position=&#8217;center&#8217; color=&#8221; thickness=&#8221; up=&#8217;7&#8242; down=&#8217;7&#8242;]<\/p>\n<p>Take your first step to your new life, make an appointment![\/vc_column_text][vc_empty_space height=&#8221;25px&#8221;]<div role=\"form\" class=\"wpcf7\" id=\"wpcf7-f500-o1\" lang=\"en-US\" dir=\"ltr\">\n<div class=\"screen-reader-response\" role=\"alert\" aria-live=\"polite\"><\/div>\n<form action=\"\/en\/wp-json\/wp\/v2\/pages\/998#wpcf7-f500-o1\" method=\"post\" class=\"wpcf7-form init cf7_custom_style_3\" novalidate=\"novalidate\">\n<div style=\"display: none;\">\n<input type=\"hidden\" name=\"_wpcf7\" value=\"500\" \/>\n<input type=\"hidden\" name=\"_wpcf7_version\" value=\"5.2.1\" \/>\n<input type=\"hidden\" name=\"_wpcf7_locale\" value=\"en_US\" \/>\n<input type=\"hidden\" name=\"_wpcf7_unit_tag\" value=\"wpcf7-f500-o1\" \/>\n<input type=\"hidden\" name=\"_wpcf7_container_post\" value=\"0\" \/>\n<input type=\"hidden\" name=\"_wpcf7_posted_data_hash\" value=\"\" \/>\n<\/div>\n<p><label>  <span class=\"wpcf7-form-control-wrap your-name\"><input type=\"text\" name=\"your-name\" value=\"\" size=\"40\" class=\"wpcf7-form-control wpcf7-text wpcf7-validates-as-required\" aria-required=\"true\" aria-invalid=\"false\" placeholder=\"Name\" \/><\/span> <\/label><\/p>\n<p><label>  <span class=\"wpcf7-form-control-wrap your-email\"><input type=\"email\" name=\"your-email\" value=\"\" size=\"40\" class=\"wpcf7-form-control wpcf7-text wpcf7-email wpcf7-validates-as-required wpcf7-validates-as-email\" aria-required=\"true\" aria-invalid=\"false\" placeholder=\"E-Mail\" \/><\/span> <\/label><\/p>\n<p><label>  <span class=\"wpcf7-form-control-wrap your-phone\"><input type=\"text\" name=\"your-phone\" value=\"\" size=\"40\" class=\"wpcf7-form-control wpcf7-text\" aria-invalid=\"false\" placeholder=\"Phone\" \/><\/span> <\/label><\/p>\n<p><label> <span class=\"wpcf7-form-control-wrap your-message\"><textarea name=\"your-message\" cols=\"40\" rows=\"5\" class=\"wpcf7-form-control wpcf7-textarea\" aria-invalid=\"false\" placeholder=\"Message\"><\/textarea><\/span> <\/label><\/p>\n<p><input type=\"submit\" value=\"Send\" class=\"wpcf7-form-control wpcf7-submit\" \/><\/p>\n<div class=\"wpcf7-response-output\" role=\"alert\" aria-hidden=\"true\"><\/div><\/form><\/div>[\/qode_elements_holder_item][\/qode_elements_holder][\/vc_column][\/vc_row]<\/p>\n<\/div>","protected":false},"excerpt":{"rendered":"<p>[vc_row css_animation=&#8221;&#8221; row_type=&#8221;row&#8221; use_row_as_full_screen_section=&#8221;no&#8221; type=&#8221;full_width&#8221; angled_section=&#8221;no&#8221; text_align=&#8221;left&#8221; background_image_as_pattern=&#8221;without_pattern&#8221; css=&#8221;.vc_custom_1547534998287{background-color: #fbfaf6 !important;}&#8221; z_index=&#8221;&#8221;][vc_column][vc_row_inner row_type=&#8221;row&#8221; type=&#8221;grid&#8221; text_align=&#8221;left&#8221; css_animation=&#8221;&#8221;][vc_column_inner el_class=&#8221;sagda&#8221; width=&#8221;1\/2&#8243; css=&#8221;.vc_custom_1597427682209{background-image: url(http:\/\/lazerhemoroidizmir.com\/wp-content\/uploads\/2019\/01\/ibrahim-foto.png?id=295) !important;}&#8221;][vc_single_image image=&#8221;396&#8243; img_size=&#8221;full&#8221; qode_css_animation=&#8221;&#8221; el_class=&#8221;doktorphoto&#8221;][\/vc_column_inner][vc_column_inner width=&#8221;1\/2&#8243;][vc_empty_space][vc_column_text] Op. Dr. \u0130brahim KARATA\u015e [vc_separator type=&#8217;transparent&#8217; position=&#8217;center&#8217; color=&#8221; thickness=&#8221; up=&#8217;7&#8242; down=&#8217;7&#8242;] Speciality Area : General Surgery Surgeon \u0130brahim Karata\u015f&#8230;<\/p>\n","protected":false},"author":1,"featured_media":0,"parent":0,"menu_order":0,"comment_status":"closed","ping_status":"closed","template":"full_width.php","meta":{"footnotes":""},"class_list":["post-998","page","type-page","status-publish","hentry"],"_links":{"self":[{"href":"https:\/\/ibrahimkaratas.com\/en\/wp-json\/wp\/v2\/pages\/998","targetHints":{"allow":["GET"]}}],"collection":[{"href":"https:\/\/ibrahimkaratas.com\/en\/wp-json\/wp\/v2\/pages"}],"about":[{"href":"https:\/\/ibrahimkaratas.com\/en\/wp-json\/wp\/v2\/types\/page"}],"author":[{"embeddable":true,"href":"https:\/\/ibrahimkaratas.com\/en\/wp-json\/wp\/v2\/users\/1"}],"replies":[{"embeddable":true,"href":"https:\/\/ibrahimkaratas.com\/en\/wp-json\/wp\/v2\/comments?post=998"}],"version-history":[{"count":2,"href":"https:\/\/ibrahimkaratas.com\/en\/wp-json\/wp\/v2\/pages\/998\/revisions"}],"predecessor-version":[{"id":1102,"href":"https:\/\/ibrahimkaratas.com\/en\/wp-json\/wp\/v2\/pages\/998\/revisions\/1102"}],"wp:attachment":[{"href":"https:\/\/ibrahimkaratas.com\/en\/wp-json\/wp\/v2\/media?parent=998"}],"curies":[{"name":"wp","href":"https:\/\/api.w.org\/{rel}","templated":true}]}}